{"id":864,"date":"2022-06-20T14:12:07","date_gmt":"2022-06-20T17:12:07","guid":{"rendered":"https:\/\/conectandopessoas.net\/cria\/na\/?page_id=864"},"modified":"2022-09-15T09:28:00","modified_gmt":"2022-09-15T12:28:00","slug":"a-clinica","status":"publish","type":"page","link":"https:\/\/www.naneurologistas.com.br\/?page_id=864","title":{"rendered":"A Cl\u00ednica"},"content":{"rendered":"\t\t<div data-elementor-type=\"wp-page\" data-elementor-id=\"864\" class=\"elementor elementor-864\" data-elementor-post-type=\"page\">\n\t\t\t\t\t\t<section class=\"elementor-section elementor-top-section elementor-element elementor-element-47fa65c elementor-section-height-min-height elementor-section-items-bottom elementor-section-boxed elementor-section-height-default\" data-id=\"47fa65c\" data-element_type=\"section\" data-settings=\"{&quot;background_background&quot;:&quot;classic&quot;}\">\n\t\t\t\t\t\t<div class=\"elementor-container elementor-column-gap-default\">\n\t\t\t\t\t<div class=\"elementor-column elementor-col-100 elementor-top-column elementor-element elementor-element-9379615\" data-id=\"9379615\" data-element_type=\"column\">\n\t\t\t<div class=\"elementor-widget-wrap elementor-element-populated\">\n\t\t\t\t\t\t<div class=\"elementor-element elementor-element-7bbd940 animated-slow elementor-invisible elementor-widget elementor-widget-heading\" data-id=\"7bbd940\" data-element_type=\"widget\" data-settings=\"{&quot;_animation&quot;:&quot;fadeIn&quot;,&quot;_animation_delay&quot;:200}\" data-widget_type=\"heading.default\">\n\t\t\t\t<div class=\"elementor-widget-container\">\n\t\t\t<h2 class=\"elementor-heading-title elementor-size-default\">A cl\u00ednica<\/h2>\t\t<\/div>\n\t\t\t\t<\/div>\n\t\t\t\t\t<\/div>\n\t\t<\/div>\n\t\t\t\t\t<\/div>\n\t\t<\/section>\n\t\t\t\t<section class=\"elementor-section elementor-top-section elementor-element elementor-element-f127326 elementor-section-height-min-height elementor-section-boxed elementor-section-height-default elementor-section-items-middle\" data-id=\"f127326\" data-element_type=\"section\" data-settings=\"{&quot;background_background&quot;:&quot;classic&quot;}\">\n\t\t\t\t\t\t<div class=\"elementor-container elementor-column-gap-default\">\n\t\t\t\t\t<div class=\"elementor-column elementor-col-50 elementor-top-column elementor-element elementor-element-8b25a71\" data-id=\"8b25a71\" data-element_type=\"column\">\n\t\t\t<div class=\"elementor-widget-wrap elementor-element-populated\">\n\t\t\t\t\t\t<div class=\"elementor-element elementor-element-f3a6010 animated-slow elementor-invisible elementor-widget elementor-widget-heading\" data-id=\"f3a6010\" data-element_type=\"widget\" data-settings=\"{&quot;_animation&quot;:&quot;fadeIn&quot;}\" data-widget_type=\"heading.default\">\n\t\t\t\t<div class=\"elementor-widget-container\">\n\t\t\t<h2 class=\"elementor-heading-title elementor-size-default\">Conhe\u00e7a a<\/h2>\t\t<\/div>\n\t\t\t\t<\/div>\n\t\t\t\t<div class=\"elementor-element elementor-element-895916c animated-slow elementor-invisible elementor-widget elementor-widget-heading\" data-id=\"895916c\" data-element_type=\"widget\" data-settings=\"{&quot;_animation&quot;:&quot;fadeIn&quot;,&quot;_animation_delay&quot;:300}\" data-widget_type=\"heading.default\">\n\t\t\t\t<div class=\"elementor-widget-container\">\n\t\t\t<h2 class=\"elementor-heading-title elementor-size-default\">NA Neurologistas Associados<\/h2>\t\t<\/div>\n\t\t\t\t<\/div>\n\t\t\t\t<div class=\"elementor-element elementor-element-33de144 animated-slow elementor-invisible elementor-widget elementor-widget-text-editor\" data-id=\"33de144\" data-element_type=\"widget\" data-settings=\"{&quot;_animation&quot;:&quot;fadeIn&quot;,&quot;_animation_delay&quot;:600}\" data-widget_type=\"text-editor.default\">\n\t\t\t\t<div class=\"elementor-widget-container\">\n\t\t\t\t\t\t\t<p>A NA Neurologistas Associados \u00e9 uma cl\u00ednica criada em 2011 e reflete a trajet\u00f3ria de trabalho do Dr. Nasser Allam. Doutor em Neuroci\u00eancias pela Universidade de Bras\u00edlia, este mineiro de Belo Horizonte, amante de m\u00fasica e irrequieto por natureza, sonhou desde menino em ser m\u00e9dico. Escolheu a Neurologia por predile\u00e7\u00e3o e desafios.<\/p>\n<p>Ap\u00f3s a Resid\u00eancia M\u00e9dica no Hospital de Base de Bras\u00edlia, com o grande nome da Neurologia Brasileira, Dr. Amaury Batista, buscou algo que o diferenciasse na \u00e1rea dos Dist\u00farbios de Movimento. Foi Fellow no Hospital Clinic da Universidade de Barcelona e tamb\u00e9m no Centro Hospitalar Raymond Garcin, em Paris.<br>Ambos com Professores Doutores da ordem de<br>Eduardo Tolosa e Dr. Pierre Rondot, respectivamente.<\/p>\t\t\t\t\t\t<\/div>\n\t\t\t\t<\/div>\n\t\t\t\t\t<\/div>\n\t\t<\/div>\n\t\t\t\t<div class=\"elementor-column elementor-col-50 elementor-top-column elementor-element elementor-element-ac82400\" data-id=\"ac82400\" data-element_type=\"column\">\n\t\t\t<div class=\"elementor-widget-wrap elementor-element-populated\">\n\t\t\t\t\t\t<div class=\"elementor-element elementor-element-61e1ba2 animated-slow elementor-invisible elementor-widget elementor-widget-image\" data-id=\"61e1ba2\" data-element_type=\"widget\" data-settings=\"{&quot;_animation&quot;:&quot;fadeInRight&quot;,&quot;_animation_delay&quot;:400}\" data-widget_type=\"image.default\">\n\t\t\t\t<div class=\"elementor-widget-container\">\n\t\t\t\t\t\t\t\t\t\t\t\t\t<img fetchpriority=\"high\" decoding=\"async\" width=\"717\" height=\"525\" src=\"https:\/\/www.naneurologistas.com.br\/wp-content\/uploads\/2022\/08\/imagem_a_clinica_01.jpg\" class=\"attachment-full size-full wp-image-2478\" alt=\"\" srcset=\"https:\/\/www.naneurologistas.com.br\/wp-content\/uploads\/2022\/08\/imagem_a_clinica_01.jpg 717w, https:\/\/www.naneurologistas.com.br\/wp-content\/uploads\/2022\/08\/imagem_a_clinica_01-300x220.jpg 300w\" sizes=\"(max-width: 717px) 100vw, 717px\" \/>\t\t\t\t\t\t\t\t\t\t\t\t\t<\/div>\n\t\t\t\t<\/div>\n\t\t\t\t\t<\/div>\n\t\t<\/div>\n\t\t\t\t\t<\/div>\n\t\t<\/section>\n\t\t\t\t<section class=\"elementor-section elementor-top-section elementor-element elementor-element-9c8fb06 elementor-reverse-mobile elementor-reverse-tablet elementor-section-boxed elementor-section-height-default elementor-section-height-default\" data-id=\"9c8fb06\" data-element_type=\"section\" data-settings=\"{&quot;background_background&quot;:&quot;classic&quot;}\">\n\t\t\t\t\t\t<div class=\"elementor-container elementor-column-gap-default\">\n\t\t\t\t\t<div class=\"elementor-column elementor-col-50 elementor-top-column elementor-element elementor-element-67b489d\" data-id=\"67b489d\" data-element_type=\"column\">\n\t\t\t<div class=\"elementor-widget-wrap elementor-element-populated\">\n\t\t\t\t\t\t<div class=\"elementor-element elementor-element-124cdb5 animated-slow elementor-invisible elementor-widget elementor-widget-image\" data-id=\"124cdb5\" data-element_type=\"widget\" data-settings=\"{&quot;_animation&quot;:&quot;fadeInLeft&quot;}\" data-widget_type=\"image.default\">\n\t\t\t\t<div class=\"elementor-widget-container\">\n\t\t\t\t\t\t\t\t\t\t\t\t\t<img decoding=\"async\" width=\"340\" height=\"464\" src=\"https:\/\/www.naneurologistas.com.br\/wp-content\/uploads\/2022\/08\/imagem_02.jpg\" class=\"attachment-full size-full wp-image-2477\" alt=\"\" srcset=\"https:\/\/www.naneurologistas.com.br\/wp-content\/uploads\/2022\/08\/imagem_02.jpg 340w, https:\/\/www.naneurologistas.com.br\/wp-content\/uploads\/2022\/08\/imagem_02-220x300.jpg 220w\" sizes=\"(max-width: 340px) 100vw, 340px\" \/>\t\t\t\t\t\t\t\t\t\t\t\t\t<\/div>\n\t\t\t\t<\/div>\n\t\t\t\t\t<\/div>\n\t\t<\/div>\n\t\t\t\t<div class=\"elementor-column elementor-col-50 elementor-top-column elementor-element elementor-element-8cb826a\" data-id=\"8cb826a\" data-element_type=\"column\">\n\t\t\t<div class=\"elementor-widget-wrap elementor-element-populated\">\n\t\t\t\t\t\t<div class=\"elementor-element elementor-element-69de441 animated-slow elementor-invisible elementor-widget elementor-widget-text-editor\" data-id=\"69de441\" data-element_type=\"widget\" data-settings=\"{&quot;_animation&quot;:&quot;fadeIn&quot;,&quot;_animation_delay&quot;:0}\" data-widget_type=\"text-editor.default\">\n\t\t\t\t<div class=\"elementor-widget-container\">\n\t\t\t\t\t\t\t<p>Assim, desde 1991, iniciou seus trabalhos na \u00e1rea de Parkinson e Dist\u00farbios de Movimento, sendo pioneiro no Brasil na aplica\u00e7\u00e3o e no uso de Toxina Botul\u00ednica para as Distonias e Espasticidades.<\/p>\n<p>Publicou in\u00fameros trabalhos cient\u00edficos em revistas internacionais e nacionais. \u00c9 autor de v\u00e1rios cap\u00edtulos de livros e revistas m\u00e9dicas com \u00eanfase em Parkinson, Dist\u00farbios de Movimentos, Dem\u00eancias e Estimula\u00e7\u00e3o Magn\u00e9tica Transcraniana.<\/p>\n<p>Em 2019, a NA Neurologistas Associados passou por um processo de expans\u00e3o, fruto do esp\u00edrito empreendedor de seu fundador, Dr. Nasser Allam, que viu no aumento do n\u00famero de pacientes uma oportunidade de trazer novos m\u00e9dicos para tornar a cl\u00ednica maior e mais completa.<\/p>\n<p>Hoje, a NA Neurologistas Associados se orgulha de ser um centro de excel\u00eancia em Neurologia, capaz de atender pacientes com as mais diversas necessidades e acometimentos, atrav\u00e9s de uma equipe multidisciplinar de compet\u00eancia \u00edmpar.<\/p>\n<p>Venha nos conhecer.<\/p>\t\t\t\t\t\t<\/div>\n\t\t\t\t<\/div>\n\t\t\t\t\t<\/div>\n\t\t<\/div>\n\t\t\t\t\t<\/div>\n\t\t<\/section>\n\t\t\t\t<section class=\"elementor-section elementor-top-section elementor-element elementor-element-8e05430 elementor-section-full_width elementor-section-height-default elementor-section-height-default\" data-id=\"8e05430\" data-element_type=\"section\">\n\t\t\t\t\t\t<div class=\"elementor-container elementor-column-gap-default\">\n\t\t\t\t\t<div class=\"elementor-column elementor-col-100 elementor-top-column elementor-element elementor-element-b8f1694\" data-id=\"b8f1694\" data-element_type=\"column\">\n\t\t\t<div class=\"elementor-widget-wrap elementor-element-populated\">\n\t\t\t\t\t\t<div class=\"elementor-element elementor-element-f387415 animated-slow elementor-invisible elementor-widget elementor-widget-gallery\" data-id=\"f387415\" data-element_type=\"widget\" data-settings=\"{&quot;gap&quot;:{&quot;unit&quot;:&quot;px&quot;,&quot;size&quot;:0,&quot;sizes&quot;:[]},&quot;aspect_ratio&quot;:&quot;4:3&quot;,&quot;_animation&quot;:&quot;fadeIn&quot;,&quot;columns_mobile&quot;:2,&quot;gap_mobile&quot;:{&quot;unit&quot;:&quot;px&quot;,&quot;size&quot;:0,&quot;sizes&quot;:[]},&quot;columns_tablet&quot;:4,&quot;gap_tablet&quot;:{&quot;unit&quot;:&quot;px&quot;,&quot;size&quot;:0,&quot;sizes&quot;:[]},&quot;lazyload&quot;:&quot;yes&quot;,&quot;gallery_layout&quot;:&quot;grid&quot;,&quot;columns&quot;:4,&quot;link_to&quot;:&quot;file&quot;,&quot;overlay_background&quot;:&quot;yes&quot;,&quot;content_hover_animation&quot;:&quot;fade-in&quot;}\" data-widget_type=\"gallery.default\">\n\t\t\t\t<div class=\"elementor-widget-container\">\n\t\t\t\t\t<div class=\"elementor-gallery__container\">\n\t\t\t\t\t\t\t<a class=\"e-gallery-item elementor-gallery-item elementor-animated-content\" href=\"https:\/\/www.naneurologistas.com.br\/wp-content\/uploads\/2022\/08\/imagem_galeria_01.jpg\" data-elementor-open-lightbox=\"yes\" data-elementor-lightbox-slideshow=\"f387415\" data-elementor-lightbox-title=\"imagem_galeria_01\" data-e-action-hash=\"#elementor-action%3Aaction%3Dlightbox%26settings%3DeyJpZCI6MjQ3OSwidXJsIjoiaHR0cHM6XC9cL3d3dy5uYW5ldXJvbG9naXN0YXMuY29tLmJyXC93cC1jb250ZW50XC91cGxvYWRzXC8yMDIyXC8wOFwvaW1hZ2VtX2dhbGVyaWFfMDEuanBnIiwic2xpZGVzaG93IjoiZjM4NzQxNSJ9\">\n\t\t\t\t\t<div class=\"e-gallery-image elementor-gallery-item__image\" data-thumbnail=\"https:\/\/www.naneurologistas.com.br\/wp-content\/uploads\/2022\/08\/imagem_galeria_01.jpg\" data-width=\"481\" data-height=\"339\" aria-label=\"\" role=\"img\" ><\/div>\n\t\t\t\t\t\t\t\t\t\t\t<div class=\"elementor-gallery-item__overlay\"><\/div>\n\t\t\t\t\t\t\t\t\t\t\t\t\t\t<\/a>\n\t\t\t\t\t\t\t<a class=\"e-gallery-item elementor-gallery-item elementor-animated-content\" href=\"https:\/\/www.naneurologistas.com.br\/wp-content\/uploads\/2022\/08\/imagem_galeria_02.jpg\" data-elementor-open-lightbox=\"yes\" data-elementor-lightbox-slideshow=\"f387415\" data-elementor-lightbox-title=\"imagem_galeria_02\" data-e-action-hash=\"#elementor-action%3Aaction%3Dlightbox%26settings%3DeyJpZCI6MjQ4MCwidXJsIjoiaHR0cHM6XC9cL3d3dy5uYW5ldXJvbG9naXN0YXMuY29tLmJyXC93cC1jb250ZW50XC91cGxvYWRzXC8yMDIyXC8wOFwvaW1hZ2VtX2dhbGVyaWFfMDIuanBnIiwic2xpZGVzaG93IjoiZjM4NzQxNSJ9\">\n\t\t\t\t\t<div class=\"e-gallery-image elementor-gallery-item__image\" data-thumbnail=\"https:\/\/www.naneurologistas.com.br\/wp-content\/uploads\/2022\/08\/imagem_galeria_02.jpg\" data-width=\"481\" data-height=\"339\" aria-label=\"\" role=\"img\" ><\/div>\n\t\t\t\t\t\t\t\t\t\t\t<div class=\"elementor-gallery-item__overlay\"><\/div>\n\t\t\t\t\t\t\t\t\t\t\t\t\t\t<\/a>\n\t\t\t\t\t\t\t<a class=\"e-gallery-item elementor-gallery-item elementor-animated-content\" href=\"https:\/\/www.naneurologistas.com.br\/wp-content\/uploads\/2022\/08\/imagem_galeria_03.jpg\" data-elementor-open-lightbox=\"yes\" data-elementor-lightbox-slideshow=\"f387415\" data-elementor-lightbox-title=\"imagem_galeria_03\" data-e-action-hash=\"#elementor-action%3Aaction%3Dlightbox%26settings%3DeyJpZCI6MjQ4MSwidXJsIjoiaHR0cHM6XC9cL3d3dy5uYW5ldXJvbG9naXN0YXMuY29tLmJyXC93cC1jb250ZW50XC91cGxvYWRzXC8yMDIyXC8wOFwvaW1hZ2VtX2dhbGVyaWFfMDMuanBnIiwic2xpZGVzaG93IjoiZjM4NzQxNSJ9\">\n\t\t\t\t\t<div class=\"e-gallery-image elementor-gallery-item__image\" data-thumbnail=\"https:\/\/www.naneurologistas.com.br\/wp-content\/uploads\/2022\/08\/imagem_galeria_03.jpg\" data-width=\"481\" data-height=\"339\" aria-label=\"\" role=\"img\" ><\/div>\n\t\t\t\t\t\t\t\t\t\t\t<div class=\"elementor-gallery-item__overlay\"><\/div>\n\t\t\t\t\t\t\t\t\t\t\t\t\t\t<\/a>\n\t\t\t\t\t\t\t<a class=\"e-gallery-item elementor-gallery-item elementor-animated-content\" href=\"https:\/\/www.naneurologistas.com.br\/wp-content\/uploads\/2022\/08\/imagem_galeria_04.jpg\" data-elementor-open-lightbox=\"yes\" data-elementor-lightbox-slideshow=\"f387415\" data-elementor-lightbox-title=\"imagem_galeria_04\" data-e-action-hash=\"#elementor-action%3Aaction%3Dlightbox%26settings%3DeyJpZCI6MjQ4MiwidXJsIjoiaHR0cHM6XC9cL3d3dy5uYW5ldXJvbG9naXN0YXMuY29tLmJyXC93cC1jb250ZW50XC91cGxvYWRzXC8yMDIyXC8wOFwvaW1hZ2VtX2dhbGVyaWFfMDQuanBnIiwic2xpZGVzaG93IjoiZjM4NzQxNSJ9\">\n\t\t\t\t\t<div class=\"e-gallery-image elementor-gallery-item__image\" data-thumbnail=\"https:\/\/www.naneurologistas.com.br\/wp-content\/uploads\/2022\/08\/imagem_galeria_04.jpg\" data-width=\"481\" data-height=\"339\" aria-label=\"\" role=\"img\" ><\/div>\n\t\t\t\t\t\t\t\t\t\t\t<div class=\"elementor-gallery-item__overlay\"><\/div>\n\t\t\t\t\t\t\t\t\t\t\t\t\t\t<\/a>\n\t\t\t\t\t\t\t<a class=\"e-gallery-item elementor-gallery-item elementor-animated-content\" href=\"https:\/\/www.naneurologistas.com.br\/wp-content\/uploads\/2022\/08\/imagem_galeria_05.jpg\" data-elementor-open-lightbox=\"yes\" data-elementor-lightbox-slideshow=\"f387415\" data-elementor-lightbox-title=\"imagem_galeria_05\" data-e-action-hash=\"#elementor-action%3Aaction%3Dlightbox%26settings%3DeyJpZCI6MjQ4MywidXJsIjoiaHR0cHM6XC9cL3d3dy5uYW5ldXJvbG9naXN0YXMuY29tLmJyXC93cC1jb250ZW50XC91cGxvYWRzXC8yMDIyXC8wOFwvaW1hZ2VtX2dhbGVyaWFfMDUuanBnIiwic2xpZGVzaG93IjoiZjM4NzQxNSJ9\">\n\t\t\t\t\t<div class=\"e-gallery-image elementor-gallery-item__image\" data-thumbnail=\"https:\/\/www.naneurologistas.com.br\/wp-content\/uploads\/2022\/08\/imagem_galeria_05.jpg\" data-width=\"481\" data-height=\"339\" aria-label=\"\" role=\"img\" ><\/div>\n\t\t\t\t\t\t\t\t\t\t\t<div class=\"elementor-gallery-item__overlay\"><\/div>\n\t\t\t\t\t\t\t\t\t\t\t\t\t\t<\/a>\n\t\t\t\t\t\t\t<a class=\"e-gallery-item elementor-gallery-item elementor-animated-content\" href=\"https:\/\/www.naneurologistas.com.br\/wp-content\/uploads\/2022\/08\/imagem_galeria_06.jpg\" data-elementor-open-lightbox=\"yes\" data-elementor-lightbox-slideshow=\"f387415\" data-elementor-lightbox-title=\"imagem_galeria_06\" data-e-action-hash=\"#elementor-action%3Aaction%3Dlightbox%26settings%3DeyJpZCI6MjQ4NCwidXJsIjoiaHR0cHM6XC9cL3d3dy5uYW5ldXJvbG9naXN0YXMuY29tLmJyXC93cC1jb250ZW50XC91cGxvYWRzXC8yMDIyXC8wOFwvaW1hZ2VtX2dhbGVyaWFfMDYuanBnIiwic2xpZGVzaG93IjoiZjM4NzQxNSJ9\">\n\t\t\t\t\t<div class=\"e-gallery-image elementor-gallery-item__image\" data-thumbnail=\"https:\/\/www.naneurologistas.com.br\/wp-content\/uploads\/2022\/08\/imagem_galeria_06.jpg\" data-width=\"481\" data-height=\"339\" aria-label=\"\" role=\"img\" ><\/div>\n\t\t\t\t\t\t\t\t\t\t\t<div class=\"elementor-gallery-item__overlay\"><\/div>\n\t\t\t\t\t\t\t\t\t\t\t\t\t\t<\/a>\n\t\t\t\t\t\t\t<a class=\"e-gallery-item elementor-gallery-item elementor-animated-content\" href=\"https:\/\/www.naneurologistas.com.br\/wp-content\/uploads\/2022\/08\/imagem_galeria_07.jpg\" data-elementor-open-lightbox=\"yes\" data-elementor-lightbox-slideshow=\"f387415\" data-elementor-lightbox-title=\"imagem_galeria_07\" data-e-action-hash=\"#elementor-action%3Aaction%3Dlightbox%26settings%3DeyJpZCI6MjQ4NSwidXJsIjoiaHR0cHM6XC9cL3d3dy5uYW5ldXJvbG9naXN0YXMuY29tLmJyXC93cC1jb250ZW50XC91cGxvYWRzXC8yMDIyXC8wOFwvaW1hZ2VtX2dhbGVyaWFfMDcuanBnIiwic2xpZGVzaG93IjoiZjM4NzQxNSJ9\">\n\t\t\t\t\t<div class=\"e-gallery-image elementor-gallery-item__image\" data-thumbnail=\"https:\/\/www.naneurologistas.com.br\/wp-content\/uploads\/2022\/08\/imagem_galeria_07.jpg\" data-width=\"481\" data-height=\"339\" aria-label=\"\" role=\"img\" ><\/div>\n\t\t\t\t\t\t\t\t\t\t\t<div class=\"elementor-gallery-item__overlay\"><\/div>\n\t\t\t\t\t\t\t\t\t\t\t\t\t\t<\/a>\n\t\t\t\t\t\t\t<a class=\"e-gallery-item elementor-gallery-item elementor-animated-content\" href=\"https:\/\/www.naneurologistas.com.br\/wp-content\/uploads\/2022\/08\/imagem_galeria_08.jpg\" data-elementor-open-lightbox=\"yes\" data-elementor-lightbox-slideshow=\"f387415\" data-elementor-lightbox-title=\"imagem_galeria_08\" data-e-action-hash=\"#elementor-action%3Aaction%3Dlightbox%26settings%3DeyJpZCI6MjQ4NiwidXJsIjoiaHR0cHM6XC9cL3d3dy5uYW5ldXJvbG9naXN0YXMuY29tLmJyXC93cC1jb250ZW50XC91cGxvYWRzXC8yMDIyXC8wOFwvaW1hZ2VtX2dhbGVyaWFfMDguanBnIiwic2xpZGVzaG93IjoiZjM4NzQxNSJ9\">\n\t\t\t\t\t<div class=\"e-gallery-image elementor-gallery-item__image\" data-thumbnail=\"https:\/\/www.naneurologistas.com.br\/wp-content\/uploads\/2022\/08\/imagem_galeria_08.jpg\" data-width=\"481\" data-height=\"339\" aria-label=\"\" role=\"img\" ><\/div>\n\t\t\t\t\t\t\t\t\t\t\t<div class=\"elementor-gallery-item__overlay\"><\/div>\n\t\t\t\t\t\t\t\t\t\t\t\t\t\t<\/a>\n\t\t\t\t\t<\/div>\n\t\t\t<\/div>\n\t\t\t\t<\/div>\n\t\t\t\t\t<\/div>\n\t\t<\/div>\n\t\t\t\t\t<\/div>\n\t\t<\/section>\n\t\t\t\t<\/div>\n\t\t","protected":false},"excerpt":{"rendered":"<p>A cl\u00ednica Conhe\u00e7a a NA Neurologistas Associados A NA Neurologistas Associados \u00e9 uma cl\u00ednica criada em 2011 e reflete a trajet\u00f3ria de trabalho do Dr. Nasser Allam. Doutor em Neuroci\u00eancias pela Universidade de Bras\u00edlia, este mineiro de Belo Horizonte, amante de m\u00fasica e irrequieto por natureza, sonhou desde menino em ser m\u00e9dico. Escolheu a Neurologia [&hellip;]<\/p>\n","protected":false},"author":7,"featured_media":0,"parent":0,"menu_order":0,"comment_status":"closed","ping_status":"closed","template":"elementor_header_footer","meta":{"ocean_post_layout":"","ocean_both_sidebars_style":"","ocean_both_sidebars_content_width":0,"ocean_both_sidebars_sidebars_width":0,"ocean_sidebar":"0","ocean_second_sidebar":"0","ocean_disable_margins":"enable","ocean_add_body_class":"","ocean_shortcode_before_top_bar":"","ocean_shortcode_after_top_bar":"","ocean_shortcode_before_header":"","ocean_shortcode_after_header":"","ocean_has_shortcode":"","ocean_shortcode_after_title":"","ocean_shortcode_before_footer_widgets":"","ocean_shortcode_after_footer_widgets":"","ocean_shortcode_before_footer_bottom":"","ocean_shortcode_after_footer_bottom":"","ocean_display_top_bar":"default","ocean_display_header":"default","ocean_header_style":"","ocean_center_header_left_menu":"0","ocean_custom_header_template":"0","ocean_custom_logo":0,"ocean_custom_retina_logo":0,"ocean_custom_logo_max_width":0,"ocean_custom_logo_tablet_max_width":0,"ocean_custom_logo_mobile_max_width":0,"ocean_custom_logo_max_height":0,"ocean_custom_logo_tablet_max_height":0,"ocean_custom_logo_mobile_max_height":0,"ocean_header_custom_menu":"0","ocean_menu_typo_font_family":"0","ocean_menu_typo_font_subset":"","ocean_menu_typo_font_size":0,"ocean_menu_typo_font_size_tablet":0,"ocean_menu_typo_font_size_mobile":0,"ocean_menu_typo_font_size_unit":"px","ocean_menu_typo_font_weight":"","ocean_menu_typo_font_weight_tablet":"","ocean_menu_typo_font_weight_mobile":"","ocean_menu_typo_transform":"","ocean_menu_typo_transform_tablet":"","ocean_menu_typo_transform_mobile":"","ocean_menu_typo_line_height":0,"ocean_menu_typo_line_height_tablet":0,"ocean_menu_typo_line_height_mobile":0,"ocean_menu_typo_line_height_unit":"","ocean_menu_typo_spacing":0,"ocean_menu_typo_spacing_tablet":0,"ocean_menu_typo_spacing_mobile":0,"ocean_menu_typo_spacing_unit":"","ocean_menu_link_color":"","ocean_menu_link_color_hover":"","ocean_menu_link_color_active":"","ocean_menu_link_background":"","ocean_menu_link_hover_background":"","ocean_menu_link_active_background":"","ocean_menu_social_links_bg":"","ocean_menu_social_hover_links_bg":"","ocean_menu_social_links_color":"","ocean_menu_social_hover_links_color":"","ocean_disable_title":"default","ocean_disable_heading":"default","ocean_post_title":"","ocean_post_subheading":"","ocean_post_title_style":"","ocean_post_title_background_color":"","ocean_post_title_background":0,"ocean_post_title_bg_image_position":"","ocean_post_title_bg_image_attachment":"","ocean_post_title_bg_image_repeat":"","ocean_post_title_bg_image_size":"","ocean_post_title_height":0,"ocean_post_title_bg_overlay":0.5,"ocean_post_title_bg_overlay_color":"","ocean_disable_breadcrumbs":"default","ocean_breadcrumbs_color":"","ocean_breadcrumbs_separator_color":"","ocean_breadcrumbs_links_color":"","ocean_breadcrumbs_links_hover_color":"","ocean_display_footer_widgets":"default","ocean_display_footer_bottom":"default","ocean_custom_footer_template":"0","footnotes":""},"class_list":["post-864","page","type-page","status-publish","hentry","entry"],"_links":{"self":[{"href":"https:\/\/www.naneurologistas.com.br\/index.php?rest_route=\/wp\/v2\/pages\/864","targetHints":{"allow":["GET"]}}],"collection":[{"href":"https:\/\/www.naneurologistas.com.br\/index.php?rest_route=\/wp\/v2\/pages"}],"about":[{"href":"https:\/\/www.naneurologistas.com.br\/index.php?rest_route=\/wp\/v2\/types\/page"}],"author":[{"embeddable":true,"href":"https:\/\/www.naneurologistas.com.br\/index.php?rest_route=\/wp\/v2\/users\/7"}],"replies":[{"embeddable":true,"href":"https:\/\/www.naneurologistas.com.br\/index.php?rest_route=%2Fwp%2Fv2%2Fcomments&post=864"}],"version-history":[{"count":61,"href":"https:\/\/www.naneurologistas.com.br\/index.php?rest_route=\/wp\/v2\/pages\/864\/revisions"}],"predecessor-version":[{"id":2650,"href":"https:\/\/www.naneurologistas.com.br\/index.php?rest_route=\/wp\/v2\/pages\/864\/revisions\/2650"}],"wp:attachment":[{"href":"https:\/\/www.naneurologistas.com.br\/index.php?rest_route=%2Fwp%2Fv2%2Fmedia&parent=864"}],"curies":[{"name":"wp","href":"https:\/\/api.w.org\/{rel}","templated":true}]}}