{"id":1790,"date":"2022-07-12T19:36:35","date_gmt":"2022-07-12T22:36:35","guid":{"rendered":"https:\/\/conectandopessoas.net\/cria\/na\/?page_id=1790"},"modified":"2022-09-15T09:30:00","modified_gmt":"2022-09-15T12:30:00","slug":"enxaqueca-cronica","status":"publish","type":"page","link":"https:\/\/www.naneurologistas.com.br\/?page_id=1790","title":{"rendered":"Enxaqueca Cr\u00f4nica"},"content":{"rendered":"\t\t<div data-elementor-type=\"wp-page\" data-elementor-id=\"1790\" class=\"elementor elementor-1790\" data-elementor-post-type=\"page\">\n\t\t\t\t\t\t<section class=\"elementor-section elementor-top-section elementor-element elementor-element-7312fdd elementor-section-height-min-height elementor-section-items-bottom elementor-section-boxed elementor-section-height-default\" data-id=\"7312fdd\" data-element_type=\"section\" data-settings=\"{&quot;background_background&quot;:&quot;classic&quot;}\">\n\t\t\t\t\t\t<div class=\"elementor-container elementor-column-gap-default\">\n\t\t\t\t\t<div class=\"elementor-column elementor-col-100 elementor-top-column elementor-element elementor-element-e65cb52\" data-id=\"e65cb52\" data-element_type=\"column\">\n\t\t\t<div class=\"elementor-widget-wrap elementor-element-populated\">\n\t\t\t\t\t\t<div class=\"elementor-element elementor-element-0fd65b3 animated-slow elementor-invisible elementor-widget elementor-widget-heading\" data-id=\"0fd65b3\" data-element_type=\"widget\" data-settings=\"{&quot;_animation&quot;:&quot;fadeIn&quot;,&quot;_animation_delay&quot;:200}\" data-widget_type=\"heading.default\">\n\t\t\t\t<div class=\"elementor-widget-container\">\n\t\t\t<h2 class=\"elementor-heading-title elementor-size-default\">Enxaqueca Cr\u00f4nica<\/h2>\t\t<\/div>\n\t\t\t\t<\/div>\n\t\t\t\t\t<\/div>\n\t\t<\/div>\n\t\t\t\t\t<\/div>\n\t\t<\/section>\n\t\t\t\t<section class=\"elementor-section elementor-top-section elementor-element elementor-element-37700a0 elementor-section-boxed elementor-section-height-default elementor-section-height-default\" data-id=\"37700a0\" data-element_type=\"section\">\n\t\t\t\t\t\t<div class=\"elementor-container elementor-column-gap-default\">\n\t\t\t\t\t<div class=\"elementor-column elementor-col-100 elementor-top-column elementor-element elementor-element-6cd116c\" data-id=\"6cd116c\" data-element_type=\"column\">\n\t\t\t<div class=\"elementor-widget-wrap elementor-element-populated\">\n\t\t\t\t\t\t<div class=\"elementor-element elementor-element-d50f811 animated-slow elementor-invisible elementor-widget elementor-widget-heading\" data-id=\"d50f811\" data-element_type=\"widget\" data-settings=\"{&quot;_animation&quot;:&quot;fadeIn&quot;,&quot;_animation_delay&quot;:300}\" data-widget_type=\"heading.default\">\n\t\t\t\t<div class=\"elementor-widget-container\">\n\t\t\t<h2 class=\"elementor-heading-title elementor-size-default\">O que \u00e9 a Enxaqueca?<\/h2>\t\t<\/div>\n\t\t\t\t<\/div>\n\t\t\t\t<div class=\"elementor-element elementor-element-4f2e7fe animated-slow elementor-invisible elementor-widget elementor-widget-text-editor\" data-id=\"4f2e7fe\" data-element_type=\"widget\" data-settings=\"{&quot;_animation&quot;:&quot;fadeIn&quot;,&quot;_animation_delay&quot;:600}\" data-widget_type=\"text-editor.default\">\n\t\t\t\t<div class=\"elementor-widget-container\">\n\t\t\t\t\t\t\t<p><span style=\"font-weight: 400;\">A enxaqueca, ou migr\u00e2nea, \u00e9 frequentemente descrita como uma dor intensa puls\u00e1til que afeta uma regi\u00e3o da cabe\u00e7a. Entretanto, \u00e9 bem mais do que essa descri\u00e7\u00e3o simples: a Sociedade Internacional de Cefal\u00e9ia determina que o diagn\u00f3stico seja feito baseando-se no tipo de dor e no n\u00famero de crises (pelo menos 5 na vida, durando de 4 a 72h), e seus sintomas acompanhantes, como a n\u00e1usea e\/ou v\u00f4mito e a sensibilidade a luz e ao barulho.<\/span><\/p><p><span style=\"font-weight: 400;\">A enxaqueca \u00e9 tr\u00eas vezes mais comum em mulheres do que em homens e afeta mais do que 10 por cento da popula\u00e7\u00e3o mundial. Cerca de um ter\u00e7o desses indiv\u00edduos consegue perceber o in\u00edcio da crise de enxaqueca por ela ser frequentemente precedida pela \u201caura\u201d, um dist\u00farbio visual que se manifesta como luzes piscantes, linhas em ziguezague ou perda tempor\u00e1ria de um campo visual. Pacientes com migr\u00e2nea tendem a ter ataques recorrentes, que podem ser desencadeados por diferentes fatores, como estresse, ansiedade, mudan\u00e7as hormonais, por luzes, priva\u00e7\u00e3o de sono ou jejum prolongado, ou mesmo alguns tipos de alimentos.<\/span><\/p><p><span style=\"font-weight: 400;\">A enxaqueca, em algumas mulheres, pode ser relacionada a flutua\u00e7\u00f5es nos n\u00edveis hormonais durante o ciclo menstrual. Por muitos anos, os cientistas acreditaram que a enxaqueca se associava \u00e0 dilata\u00e7\u00e3o ou constri\u00e7\u00e3o de vasos sangu\u00edneos na cabe\u00e7a. Atualmente acredita-se haver uma influ\u00eancia gen\u00e9tica bem determinada.<\/span><\/p><p><b>Como \u00e9 feito o tratamento da enxaqueca?<\/b><\/p><p><span style=\"font-weight: 400;\">H\u00e1 duas formas de fazer o tratamento da enxaqueca: a preven\u00e7\u00e3o das crises, e o al\u00edvio dos sintomas durante os ataques. A preven\u00e7\u00e3o envolve medidas farmacol\u00f3gicas e altera\u00e7\u00f5es de comportamento. J\u00e1 foi amplamente comprovado que alguns f\u00e1rmacos originalmente desenhados para tratar epilepsia, depress\u00e3o e hipertens\u00e3o arterial tamb\u00e9m s\u00e3o extremamente eficientes em tratar a migr\u00e2nea. Al\u00e9m disso, para os casos de migr\u00e2nea cr\u00f4nica, j\u00e1 se mostrou a efic\u00e1cia da toxina botul\u00ednica do tipo A.<\/span><\/p><p><span style=\"font-weight: 400;\">Sob o ponto de vista comportamental, estrat\u00e9gias de manejo de estresse, como exerc\u00edcio f\u00edsico, fisioterapia, t\u00e9cnicas de relaxamento, biofeedback e outras terapias desenhadas para diminuir o desconforto tamb\u00e9m podem reduzir a frequ\u00eancia e a gravidade dos ataques. Fazer um di\u00e1rio dos sintomas e dos desencadeantes da enxaqueca pode fornecer informa\u00e7\u00f5es importantes e \u00fateis para tais mudan\u00e7as de h\u00e1bitos, que podem incluir mudan\u00e7as diet\u00e9ticas, de hidrata\u00e7\u00e3o, de medica\u00e7\u00f5es de uso cr\u00f4nico e o estabelecimento de um sono de qualidade. Em algumas mulheres, a terapia hormonal pode ajudar, se a enxaqueca for claramente relacionada ao ciclo menstrual. Um programa de perda de peso tamb\u00e9m \u00e9 recomend\u00e1vel aos migranosos obesos. O al\u00edvio de sintomas, ou o tratamento agudo consiste no uso de antiinflamat\u00f3rios n\u00e3o esteroidais, triptanos ou ergotam\u00ednicos. Quanto mais cedo forem usados na crise, mais eficaz eles se tornam.\u00a0<\/span><\/p>\t\t\t\t\t\t<\/div>\n\t\t\t\t<\/div>\n\t\t\t\t\t<\/div>\n\t\t<\/div>\n\t\t\t\t\t<\/div>\n\t\t<\/section>\n\t\t\t\t<\/div>\n\t\t","protected":false},"excerpt":{"rendered":"<p>Enxaqueca Cr\u00f4nica O que \u00e9 a Enxaqueca? A enxaqueca, ou migr\u00e2nea, \u00e9 frequentemente descrita como uma dor intensa puls\u00e1til que afeta uma regi\u00e3o da cabe\u00e7a. Entretanto, \u00e9 bem mais do que essa descri\u00e7\u00e3o simples: a Sociedade Internacional de Cefal\u00e9ia determina que o diagn\u00f3stico seja feito baseando-se no tipo de dor e no n\u00famero de crises [&hellip;]<\/p>\n","protected":false},"author":7,"featured_media":0,"parent":0,"menu_order":0,"comment_status":"closed","ping_status":"closed","template":"","meta":{"ocean_post_layout":"","ocean_both_sidebars_style":"","ocean_both_sidebars_content_width":0,"ocean_both_sidebars_sidebars_width":0,"ocean_sidebar":"0","ocean_second_sidebar":"0","ocean_disable_margins":"enable","ocean_add_body_class":"","ocean_shortcode_before_top_bar":"","ocean_shortcode_after_top_bar":"","ocean_shortcode_before_header":"","ocean_shortcode_after_header":"","ocean_has_shortcode":"","ocean_shortcode_after_title":"","ocean_shortcode_before_footer_widgets":"","ocean_shortcode_after_footer_widgets":"","ocean_shortcode_before_footer_bottom":"","ocean_shortcode_after_footer_bottom":"","ocean_display_top_bar":"default","ocean_display_header":"default","ocean_header_style":"","ocean_center_header_left_menu":"0","ocean_custom_header_template":"0","ocean_custom_logo":0,"ocean_custom_retina_logo":0,"ocean_custom_logo_max_width":0,"ocean_custom_logo_tablet_max_width":0,"ocean_custom_logo_mobile_max_width":0,"ocean_custom_logo_max_height":0,"ocean_custom_logo_tablet_max_height":0,"ocean_custom_logo_mobile_max_height":0,"ocean_header_custom_menu":"0","ocean_menu_typo_font_family":"0","ocean_menu_typo_font_subset":"","ocean_menu_typo_font_size":0,"ocean_menu_typo_font_size_tablet":0,"ocean_menu_typo_font_size_mobile":0,"ocean_menu_typo_font_size_unit":"px","ocean_menu_typo_font_weight":"","ocean_menu_typo_font_weight_tablet":"","ocean_menu_typo_font_weight_mobile":"","ocean_menu_typo_transform":"","ocean_menu_typo_transform_tablet":"","ocean_menu_typo_transform_mobile":"","ocean_menu_typo_line_height":0,"ocean_menu_typo_line_height_tablet":0,"ocean_menu_typo_line_height_mobile":0,"ocean_menu_typo_line_height_unit":"","ocean_menu_typo_spacing":0,"ocean_menu_typo_spacing_tablet":0,"ocean_menu_typo_spacing_mobile":0,"ocean_menu_typo_spacing_unit":"","ocean_menu_link_color":"","ocean_menu_link_color_hover":"","ocean_menu_link_color_active":"","ocean_menu_link_background":"","ocean_menu_link_hover_background":"","ocean_menu_link_active_background":"","ocean_menu_social_links_bg":"","ocean_menu_social_hover_links_bg":"","ocean_menu_social_links_color":"","ocean_menu_social_hover_links_color":"","ocean_disable_title":"default","ocean_disable_heading":"default","ocean_post_title":"","ocean_post_subheading":"","ocean_post_title_style":"","ocean_post_title_background_color":"","ocean_post_title_background":0,"ocean_post_title_bg_image_position":"","ocean_post_title_bg_image_attachment":"","ocean_post_title_bg_image_repeat":"","ocean_post_title_bg_image_size":"","ocean_post_title_height":0,"ocean_post_title_bg_overlay":0.5,"ocean_post_title_bg_overlay_color":"","ocean_disable_breadcrumbs":"default","ocean_breadcrumbs_color":"","ocean_breadcrumbs_separator_color":"","ocean_breadcrumbs_links_color":"","ocean_breadcrumbs_links_hover_color":"","ocean_display_footer_widgets":"default","ocean_display_footer_bottom":"default","ocean_custom_footer_template":"0","footnotes":""},"class_list":["post-1790","page","type-page","status-publish","hentry","entry"],"_links":{"self":[{"href":"https:\/\/www.naneurologistas.com.br\/index.php?rest_route=\/wp\/v2\/pages\/1790","targetHints":{"allow":["GET"]}}],"collection":[{"href":"https:\/\/www.naneurologistas.com.br\/index.php?rest_route=\/wp\/v2\/pages"}],"about":[{"href":"https:\/\/www.naneurologistas.com.br\/index.php?rest_route=\/wp\/v2\/types\/page"}],"author":[{"embeddable":true,"href":"https:\/\/www.naneurologistas.com.br\/index.php?rest_route=\/wp\/v2\/users\/7"}],"replies":[{"embeddable":true,"href":"https:\/\/www.naneurologistas.com.br\/index.php?rest_route=%2Fwp%2Fv2%2Fcomments&post=1790"}],"version-history":[{"count":7,"href":"https:\/\/www.naneurologistas.com.br\/index.php?rest_route=\/wp\/v2\/pages\/1790\/revisions"}],"predecessor-version":[{"id":2671,"href":"https:\/\/www.naneurologistas.com.br\/index.php?rest_route=\/wp\/v2\/pages\/1790\/revisions\/2671"}],"wp:attachment":[{"href":"https:\/\/www.naneurologistas.com.br\/index.php?rest_route=%2Fwp%2Fv2%2Fmedia&parent=1790"}],"curies":[{"name":"wp","href":"https:\/\/api.w.org\/{rel}","templated":true}]}}